{"id":441,"date":"2023-03-30T11:30:33","date_gmt":"2023-03-30T09:30:33","guid":{"rendered":"https:\/\/www.foto-herbst.de\/?page_id=441"},"modified":"2026-03-31T16:42:53","modified_gmt":"2026-03-31T14:42:53","slug":"dsgvo","status":"publish","type":"page","link":"https:\/\/www.foto-herbst.de\/?page_id=441","title":{"rendered":"DSGVO"},"content":{"rendered":"\n<p>Datenschutzerkl\u00e4rung<br>Datenschutzerkl\u00e4rung<br>1) Information \u00fcber die Erhebung personenbezogener Daten und Kontaktdaten des Verantwortlichen<\/p>\n\n\n\n<p>1.1 Wir freuen uns, dass Sie unsere Website besuchen und bedanken uns f\u00fcr Ihr Interesse. Im Folgenden informieren wir Sie \u00fcber den Umgang mit Ihren personenbezogenen Daten bei der Nutzung unserer Website. Personenbezogene Daten sind hierbei alle Daten, mit denen Sie pers\u00f6nlich identifiziert werden k\u00f6nnen.<\/p>\n\n\n\n<p>1.2 Verantwortlicher f\u00fcr die Datenverarbeitung auf dieser Website im Sinne der Datenschutz-Grundverordnung (DSGVO) ist R.Herbst, Foto Herbst, Lindenthaler Str. 38, 04155 Leipzig, Deutschland, Tel.: 0341.5640404, E-Mail: info(at)foto-herbst.de. Der f\u00fcr die Verarbeitung von personenbezogenen Daten Verantwortliche ist diejenige nat\u00fcrliche oder juristische Person, die allein oder gemeinsam mit anderen \u00fcber die Zwecke und Mittel der Verarbeitung von personenbezogenen Daten entscheidet.<\/p>\n\n\n\n<p>1.3 Diese Website nutzt aus Sicherheitsgr\u00fcnden und zum Schutz der \u00dcbertragung personenbezogener Daten und anderer vertraulicher Inhalte (z.B. Bestellungen oder Anfragen an den Verantwortlichen) eine SSL-bzw. TLS-Verschl\u00fcsselung. Sie k\u00f6nnen eine verschl\u00fcsselte Verbindung an der Zeichenfolge \u201ehttps:\/\/\u201c und dem Schloss-Symbol in Ihrer Browserzeile erkennen.<br>2) Datenerfassung beim Besuch unserer Website<\/p>\n\n\n\n<p>Bei der blo\u00df informatorischen Nutzung unserer Website, also wenn Sie sich nicht registrieren oder uns anderweitig Informationen \u00fcbermitteln, erheben wir nur solche Daten, die Ihr Browser an unseren Server \u00fcbermittelt (sog. \u201eServer-Logfiles\u201c). Wenn Sie unsere Website aufrufen, erheben wir die folgenden Daten, die f\u00fcr uns technisch erforderlich sind, um Ihnen die Website anzuzeigen:<\/p>\n\n\n\n<pre class=\"wp-block-code\"><code>Unsere besuchte Website\nDatum und Uhrzeit zum Zeitpunkt des Zugriffes\nMenge der gesendeten Daten in Byte\nQuelle\/Verweis, von welchem Sie auf die Seite gelangten\nVerwendeter Browser\nVerwendetes Betriebssystem\nVerwendete IP-Adresse (ggf.: in anonymisierter Form)<\/code><\/pre>\n\n\n\n<p>Die Verarbeitung erfolgt gem\u00e4\u00df Art. 6 Abs. 1 lit. f DSGVO auf Basis unseres berechtigten Interesses an der Verbesserung der Stabilit\u00e4t und Funktionalit\u00e4t unserer Website. Eine Weitergabe oder anderweitige Verwendung der Daten findet nicht statt. Wir behalten uns allerdings vor, die Server-Logfiles nachtr\u00e4glich zu \u00fcberpr\u00fcfen, sollten konkrete Anhaltspunkte auf eine rechtswidrige Nutzung hinweisen.<br>3) Cookies<\/p>\n\n\n\n<p>Um den Besuch unserer Website attraktiv zu gestalten und die Nutzung bestimmter Funktionen zu erm\u00f6glichen, verwenden wir auf verschiedenen Seiten sogenannte Cookies. Hierbei handelt es sich um kleine Textdateien, die auf Ihrem Endger\u00e4t abgelegt werden. Einige der von uns verwendeten Cookies werden nach dem Ende der Browser-Sitzung, also nach Schlie\u00dfen Ihres Browsers, wieder gel\u00f6scht (sog. Sitzungs-Cookies). Andere Cookies verbleiben auf Ihrem Endger\u00e4t und erm\u00f6glichen, Ihren Browser beim n\u00e4chsten Besuch wiederzuerkennen (sog. persistente Cookies). Werden Cookies gesetzt, erheben und verarbeiten diese im individuellen Umfang bestimmte Nutzerinformationen wie Browser- und Standortdaten sowie IP-Adresswerte. Persistente Cookies werden automatisiert nach einer vorgegebenen Dauer gel\u00f6scht, die sich je nach Cookie unterscheiden kann. Die Dauer der jeweiligen Cookie-Speicherung k\u00f6nnen Sie der \u00dcbersicht zu den Cookie-Einstellungen Ihres Webbrowsers entnehmen.<\/p>\n\n\n\n<p>Teilweise dienen die Cookies dazu, durch Speicherung von Einstellungen den Bestellprozess zu vereinfachen (z.B. Merken des Inhalts eines virtuellen Warenkorbs f\u00fcr einen sp\u00e4teren Besuch auf der Website). Sofern durch einzelne von uns eingesetzte Cookies auch personenbezogene Daten verarbeitet werden, erfolgt die Verarbeitung gem\u00e4\u00df Art. 6 Abs. 1 lit. b DSGVO entweder zur Durchf\u00fchrung des Vertrages, gem\u00e4\u00df Art. 6 Abs. 1 lit. a DSGVO im Falle einer erteilten Einwilligung oder gem\u00e4\u00df Art. 6 Abs. 1 lit. f DSGVO zur Wahrung unserer berechtigten Interessen an der bestm\u00f6glichen Funktionalit\u00e4t der Website sowie einer kundenfreundlichen und effektiven Ausgestaltung des Seitenbesuchs.<\/p>\n\n\n\n<p>Bitte beachten Sie, dass Sie Ihren Browser so einstellen k\u00f6nnen, dass Sie \u00fcber das Setzen von Cookies informiert werden und einzeln \u00fcber deren Annahme entscheiden oder die Annahme von Cookies f\u00fcr bestimmte F\u00e4lle oder generell ausschlie\u00dfen k\u00f6nnen. Jeder Browser unterscheidet sich in der Art, wie er die Cookie-Einstellungen verwaltet. Diese ist in dem Hilfemen\u00fc jedes Browsers beschrieben, welches Ihnen erl\u00e4utert, wie Sie Ihre Cookie-Einstellungen \u00e4ndern k\u00f6nnen. Diese finden Sie f\u00fcr die jeweiligen Browser unter den folgenden Links:<\/p>\n\n\n\n<p>Internet Explorer: https:\/\/support.microsoft.com\/de-de\/help\/17442\/windows-internet-explorer-delete-manage-cookies<br>Firefox: https:\/\/support.mozilla.org\/de\/kb\/cookies-erlauben-und-ablehnen<br>Chrome: https:\/\/support.google.com\/chrome\/answer\/95647?hl=de&amp;hlrm=en<br>Safari: https:\/\/support.apple.com\/de-de\/guide\/safari\/sfri11471\/mac<br>Opera: https:\/\/help.opera.com\/de\/latest\/web-preferences\/#cookies<\/p>\n\n\n\n<p>Bitte beachten Sie, dass bei Nichtannahme von Cookies die Funktionalit\u00e4t unserer Website eingeschr\u00e4nkt sein kann.<br>4) Kontaktaufnahme<\/p>\n\n\n\n<p>Im Rahmen der Kontaktaufnahme mit uns (z.B. per Kontaktformular oder E-Mail) werden personenbezogene Daten erhoben. Welche Daten im Falle der Nutzung eines Kontaktformulars erhoben werden, ist aus dem jeweiligen Kontaktformular ersichtlich. Diese Daten werden ausschlie\u00dflich zum Zweck der Beantwortung Ihres Anliegens bzw. f\u00fcr die Kontaktaufnahme und die damit verbundene technische Administration gespeichert und verwendet. Rechtsgrundlage f\u00fcr die Verarbeitung dieser Daten ist unser berechtigtes Interesse an der Beantwortung Ihres Anliegens gem\u00e4\u00df Art. 6 Abs. 1 lit. f DSGVO. Zielt Ihre Kontaktierung auf den Abschluss eines Vertrages ab, so ist zus\u00e4tzliche Rechtsgrundlage f\u00fcr die Verarbeitung Art. 6 Abs. 1 lit. b DSGVO. Ihre Daten werden nach abschlie\u00dfender Bearbeitung Ihrer Anfrage gel\u00f6scht. Dies ist der Fall, wenn sich aus den Umst\u00e4nden entnehmen l\u00e4sst, dass der betroffene Sachverhalt abschlie\u00dfend gekl\u00e4rt ist und sofern keine gesetzlichen Aufbewahrungspflichten entgegenstehen.<br>5) Datenverarbeitung bei Er\u00f6ffnung eines Kundenkontos und zur Vertragsabwicklung<\/p>\n\n\n\n<p>Gem\u00e4\u00df Art. 6 Abs. 1 lit. b DSGVO werden personenbezogene Daten weiterhin erhoben und verarbeitet, wenn Sie uns diese zur Durchf\u00fchrung eines Vertrages oder bei der Er\u00f6ffnung eines Kundenkontos mitteilen. Welche Daten erhoben werden, ist aus den jeweiligen Eingabeformularen ersichtlich. Eine L\u00f6schung Ihres Kundenkontos ist jederzeit m\u00f6glich und kann durch eine Nachricht an die o.g. Adresse des Verantwortlichen erfolgen. Wir speichern und verwenden die von Ihnen mitgeteilten Daten zur Vertragsabwicklung. Nach vollst\u00e4ndiger Abwicklung des Vertrages oder L\u00f6schung Ihres Kundenkontos werden Ihre Daten mit R\u00fccksicht auf steuer- und handelsrechtliche Aufbewahrungsfristen gesperrt und nach Ablauf dieser Fristen gel\u00f6scht, sofern Sie nicht ausdr\u00fccklich in eine weitere Nutzung Ihrer Daten eingewilligt haben oder eine gesetzlich erlaubte weitere Datenverwendung von unserer Seite vorbehalten wurde.<br>6) Nutzung von Kundendaten zur Direktwerbung<\/p>\n\n\n\n<p>Anmeldung zu unserem E-Mail-Newsletter<\/p>\n\n\n\n<p>Wenn Sie sich zu unserem E-Mail Newsletter anmelden, \u00fcbersenden wir Ihnen regelm\u00e4\u00dfig Informationen zu unseren Angeboten. Pflichtangabe f\u00fcr die \u00dcbersendung des Newsletters ist allein Ihre E-Mailadresse. Die Angabe weiterer Daten ist freiwillig und wird verwendet, um Sie pers\u00f6nlich ansprechen zu k\u00f6nnen. F\u00fcr den Versand des Newsletters verwenden wir das sog. Double Opt-in Verfahren. Dies bedeutet, dass wir Ihnen erst dann einen E-Mail Newsletter \u00fcbermitteln werden, wenn Sie uns ausdr\u00fccklich best\u00e4tigt haben, dass Sie in den Empfang von Newsletter einwilligen. Wir schicken Ihnen dann eine Best\u00e4tigungs-E-Mail, mit der Sie gebeten werden durch Anklicken eines entsprechenden Links zu best\u00e4tigen, dass Sie k\u00fcnftig den Newsletter erhalten wollen.<\/p>\n\n\n\n<p>Mit der Aktivierung des Best\u00e4tigungslinks erteilen Sie uns Ihre Einwilligung f\u00fcr die Nutzung Ihrer personenbezogenen Daten gem\u00e4\u00df Art. 6 Abs. 1 lit. a DSGVO. Bei der Anmeldung zum Newsletter speichern wir Ihre vom Internet Service-Provider (ISP) eingetragene IP-Adresse sowie das Datum und die Uhrzeit der Anmeldung, um einen m\u00f6glichen Missbrauch Ihrer E-Mail- Adresse zu einem sp\u00e4teren Zeitpunkt nachvollziehen zu k\u00f6nnen. Die von uns bei der Anmeldung zum Newsletter erhobenen Daten werden ausschlie\u00dflich f\u00fcr Zwecke der werblichen Ansprache im Wege des Newsletters benutzt. Sie k\u00f6nnen den Newsletter jederzeit \u00fcber den daf\u00fcr vorgesehenen Link im Newsletter oder durch entsprechende Nachricht an den eingangs genannten Verantwortlichen abbestellen. Nach erfolgter Abmeldung wird Ihre E-Mailadresse unverz\u00fcglich in unserem Newsletter-Verteiler gel\u00f6scht, soweit Sie nicht ausdr\u00fccklich in eine weitere Nutzung Ihrer Daten eingewilligt haben oder wir uns eine dar\u00fcberhinausgehende Datenverwendung vorbehalten, die gesetzlich erlaubt ist und \u00fcber die wir Sie in dieser Erkl\u00e4rung informieren.<br>7) Datenverarbeitung zur Bestellabwicklung<\/p>\n\n\n\n<p>7.1 Soweit f\u00fcr die Vertragsabwicklung zu Liefer- und Zahlungszwecken erforderlich, werden die von uns erhobenen personenbezogenen Daten gem\u00e4\u00df Art. 6 Abs. 1 lit. b DSGVO an das beauftragte Transportunternehmen und das beauftragte Kreditinstitut weitergegeben.<\/p>\n\n\n\n<p>Sofern wir Ihnen auf Grundlage eines entsprechenden Vertrages Aktualisierungen f\u00fcr Waren mit digitalen Elementen oder f\u00fcr digitale Produkte schulden, verarbeiten wir die von Ihnen bei der Bestellung \u00fcbermittelten Kontaktdaten (Name, Anschrift, Mailadresse), um Sie im Rahmen unserer gesetzlichen Informationspflichten gem\u00e4\u00df Art. 6 Abs. 1 lit. c DSGVO auf geeignetem Kommunikationsweg (etwa postalisch oder per Mail) \u00fcber anstehende Aktualisierungen im gesetzlich vorgesehenen Zeitraum pers\u00f6nlich zu informieren. Ihre Kontaktdaten werden hierbei streng zweckgebunden f\u00fcr Mitteilungen \u00fcber von uns geschuldete Aktualisierungen verwendet und zu diesem Zweck durch uns nur insoweit verarbeitet, wie dies f\u00fcr die jeweilige Information erforderlich ist.<\/p>\n\n\n\n<p>Zur Abwicklung Ihrer Bestellung arbeiten wir ferner mit dem \/ den nachstehenden Dienstleister(n) zusammen, die uns ganz oder teilweise bei der Durchf\u00fchrung geschlossener Vertr\u00e4ge unterst\u00fctzen. An diese Dienstleister werden nach Ma\u00dfgabe der folgenden Informationen gewisse personenbezogene Daten \u00fcbermittelt.<\/p>\n\n\n\n<p>7.2 Weitergabe personenbezogener Daten an Versanddienstleister<\/p>\n\n\n\n<ul class=\"wp-block-list\">\n<li>DHL<br>Erfolgt die Zustellung der Ware durch den Transportdienstleister DHL (DHL Paket GmbH, Str\u00e4\u00dfchensweg 10, 53113 Bonn), so geben wir Ihre E-Mail-Adresse gem\u00e4\u00df Art. 6 Abs. 1 lit. a DSGVO vor der Zustellung der Ware zum Zweck der Abstimmung eines Liefertermins bzw. zur Lieferank\u00fcndigung an DHL weiter, sofern Sie hierf\u00fcr im Bestellprozess Ihre ausdr\u00fcckliche Einwilligung erteilt haben. Anderenfalls geben wir zum Zwecke der Zustellung gem\u00e4\u00df Art. 6 Abs. 1 lit. b DSGVO nur den Namen des Empf\u00e4ngers und die Lieferadresse an DHL weiter. Die Weitergabe erfolgt nur, soweit dies f\u00fcr die Warenlieferung erforderlich ist. In diesem Fall ist eine vorherige Abstimmung des Liefertermins mit DHL bzw. die Lieferank\u00fcndigung nicht m\u00f6glich.<br>Die Einwilligung kann jederzeit mit Wirkung f\u00fcr die Zukunft gegen\u00fcber dem oben bezeichneten Verantwortlichen oder gegen\u00fcber dem Transportdienstleister DHL widerrufen werden.<\/li>\n<\/ul>\n\n\n\n<p>7.3 Verwendung von Paymentdienstleistern (Zahlungsdiensten)<\/p>\n\n\n\n<ul class=\"wp-block-list\">\n<li>Klarna<br>Bei Auswahl einer Klarna-Zahlungsdienstleistung erfolgt die Zahlungsabwicklung \u00fcber die Klarna Bank AB (publ), https:\/\/klarna.com\/de\/, Sveav\u00e4gen 46, 111 34 Stockholm, Schweden (nachfolgend \u201eKlarna\u201c). Um die Abwicklung der Zahlung zu erm\u00f6glichen, werden Ihre pers\u00f6nlichen Daten (Vor- und Nachname, Stra\u00dfe, Hausnummer, Postleitzahl, Ort, Geschlecht, E-Mail-Adresse, Telefonnummer und IP-Adresse) sowie Daten, welche im Zusammenhang mit der Bestellung stehen (z. B. Rechnungsbetrag, Artikel, Lieferart) zum Zweck der Identit\u00e4ts- und Bonit\u00e4tspr\u00fcfung an Klarna weitergegeben, sofern Sie hierin gem\u00e4\u00df Art. 6 Abs. 1 lit. a DSGVO im Rahmen des Bestellprozesses ausdr\u00fccklich eingewilligt haben. An welche Auskunfteien Ihre Daten hierbei weitergeleitet werden k\u00f6nnen, k\u00f6nnen Sie hier einsehen:<br>https:\/\/cdn.klarna.com\/1.0\/shared\/content\/legal\/terms\/0\/de_de\/credit_rating_agencies<br>Die Bonit\u00e4tsauskunft kann Wahrscheinlichkeitswerte enthalten (sog. Score-Werte). Soweit Score-Werte in das Ergebnis der Bonit\u00e4tsauskunft einflie\u00dfen, haben sie ihre Grundlage in einem wissenschaftlich anerkannten mathematisch-statistischen Verfahren. In die Berechnung der Score-Werte flie\u00dfen unter anderem, aber nicht ausschlie\u00dflich, Anschriftendaten ein. Die erhaltenen Informationen \u00fcber die statistische Wahrscheinlichkeit eines Zahlungsausfalls verwendet Klarna f\u00fcr eine abgewogene Entscheidung \u00fcber die Begr\u00fcndung, Durchf\u00fchrung oder Beendigung des Vertragsverh\u00e4ltnisses.<br>Sie k\u00f6nnen Ihre Einwilligung jederzeit durch eine Nachricht an den f\u00fcr die Datenverarbeitung Verantwortlichen oder gegen\u00fcber Klarna widerrufen. Jedoch bleibt Klarna ggf. weiterhin berechtigt, Ihre personenbezogenen Daten zu verarbeiten, sofern dies zur vertragsgem\u00e4\u00dfen Zahlungsabwicklung erforderlich ist.<br>Ihre Personenangaben werden in \u00dcbereinstimmung mit den geltenden Datenschutzbestimmungen und entsprechend den Angaben in Klarnas Datenschutzbestimmungen f\u00fcr Betroffene mit Sitz in Deutschland https:\/\/cdn.klarna.com\/1.0\/shared\/content\/legal\/terms\/0\/de_de\/privacy<br>bzw. f\u00fcr Betroffene mit Sitz in \u00d6sterreich https:\/\/cdn.klarna.com\/1.0\/shared\/content\/legal\/terms\/0\/de_at\/privacy<br>behandelt.<\/li>\n\n\n\n<li>Paypal<br>Bei Zahlung via PayPal, Kreditkarte via PayPal, Lastschrift via PayPal oder \u2013 falls angeboten &#8211; &#8222;Kauf auf Rechnung&#8220; oder \u201eRatenzahlung\u201c via PayPal geben wir Ihre Zahlungsdaten im Rahmen der Zahlungsabwicklung an die PayPal (Europe) S.a.r.l. et Cie, S.C.A., 22-24 Boulevard Royal, L-2449 Luxembourg (nachfolgend &#8222;PayPal&#8220;), weiter. Die Weitergabe erfolgt gem\u00e4\u00df Art. 6 Abs. 1 lit. b DSGVO und nur insoweit, als dies f\u00fcr die Zahlungsabwicklung erforderlich ist.<br>PayPal beh\u00e4lt sich f\u00fcr die Zahlungsmethoden Kreditkarte via PayPal, Lastschrift via PayPal oder \u2013 falls angeboten &#8211; &#8222;Kauf auf Rechnung&#8220; oder \u201eRatenzahlung\u201c via PayPal die Durchf\u00fchrung einer Bonit\u00e4tsauskunft vor. Hierf\u00fcr werden Ihre Zahlungsdaten gegebenenfalls gem\u00e4\u00df Art. 6 Abs. 1 lit. f DSGVO auf Basis des berechtigten Interesses von PayPal an der Feststellung Ihrer Zahlungsf\u00e4higkeit an Auskunfteien weitergegeben. Das Ergebnis der Bonit\u00e4tspr\u00fcfung in Bezug auf die statistische Zahlungsausfallwahrscheinlichkeit verwendet PayPal zum Zweck der Entscheidung \u00fcber die Bereitstellung der jeweiligen Zahlungsmethode. Die Bonit\u00e4tsauskunft kann Wahrscheinlichkeitswerte enthalten (sog. Score-Werte). Soweit Score-Werte in das Ergebnis der Bonit\u00e4tsauskunft einflie\u00dfen, haben sie ihre Grundlage in einem wissenschaftlich anerkannten mathematisch-statistischen Verfahren. In die Berechnung der Score-Werte flie\u00dfen unter anderem, aber nicht ausschlie\u00dflich, Anschriftendaten ein. Weitere datenschutzrechtliche Informationen, unter anderem zu den verwendeten Auskunfteien, entnehmen Sie bitte der Datenschutzerkl\u00e4rung von PayPal: https:\/\/www.paypal.com\/de\/webapps\/mpp\/ua\/privacy-full<br>Sie k\u00f6nnen dieser Verarbeitung Ihrer Daten jederzeit durch eine Nachricht an PayPal widersprechen. Jedoch bleibt PayPal ggf. weiterhin berechtigt, Ihre personenbezogenen Daten zu verarbeiten, sofern dies zur vertragsgem\u00e4\u00dfen Zahlungsabwicklung erforderlich ist.<\/li>\n\n\n\n<li>SOFORT<br>Bei Auswahl der Zahlungsart \u201eSOFORT\u201c erfolgt die Zahlungsabwicklung \u00fcber den Zahlungsdienstleister SOFORT GmbH, Theresienh\u00f6he 12, 80339 M\u00fcnchen, Deutschland (im Folgenden \u201eSOFORT\u201c), an den wir Ihre im Rahmen des Bestellvorgangs mitgeteilten Informationen nebst den Informationen \u00fcber Ihre Bestellung gem\u00e4\u00df Art. 6 Abs. 1 lit. b DSGVO weitergeben. Die Sofort GmbH ist Teil der Klarna Group (Klarna Bank AB (publ), Sveav\u00e4gen 46, 11134 Stockholm, Schweden). Die Weitergabe Ihrer Daten erfolgt ausschlie\u00dflich zum Zweck der Zahlungsabwicklung mit dem Zahlungsdienstleister SOFORT und nur insoweit, als sie hierf\u00fcr erforderlich ist. Unter der nachstehenden Internetadresse erhalten Sie weitere Informationen \u00fcber die Datenschutzbestimmungen von SOFORT: https:\/\/www.klarna.com\/sofort\/datenschutz<br>8) Kontaktaufnahme zur Bewertungserinnerung<\/li>\n<\/ul>\n\n\n\n<p>Eigene Bewertungserinnerung (kein Versand durch ein Kundenbewertungssystem)<br>Wir verwenden Ihre E-Mailadresse zur einmaligen Erinnerung an die Abgabe einer Bewertung Ihrer Bestellung f\u00fcr das von uns verwendete Bewertungssystem, sofern Sie uns hierzu w\u00e4hrend oder nach Ihrer Bestellung Ihre ausdr\u00fcckliche Einwilligung gem\u00e4\u00df Art. 6 Abs. 1 lit. a DSGVO erteilt haben.<br>Sie k\u00f6nnen Ihre Einwilligung jederzeit durch eine Nachricht an den f\u00fcr die Datenverarbeitung Verantwortlichen widerrufen.<br><\/p>\n\n\n\n<p>9 Das geltende Datenschutzrecht gew\u00e4hrt Ihnen gegen\u00fcber dem Verantwortlichen hinsichtlich der Verarbeitung Ihrer personenbezogenen Daten die nachstehenden Betroffenenrechte (Auskunfts- und Interventionsrechte), wobei f\u00fcr die jeweiligen Aus\u00fcbungsvoraussetzungen auf die angef\u00fchrte Rechtsgrundlage verwiesen wird:<\/p>\n\n\n\n<pre class=\"wp-block-code\"><code>Auskunftsrecht gem\u00e4\u00df Art. 15 DSGVO;\nRecht auf Berichtigung gem\u00e4\u00df Art. 16 DSGVO;\nRecht auf L\u00f6schung gem\u00e4\u00df Art. 17 DSGVO;\nRecht auf Einschr\u00e4nkung der Verarbeitung gem\u00e4\u00df Art. 18 DSGVO;\nRecht auf Unterrichtung gem\u00e4\u00df Art. 19 DSGVO;\nRecht auf Daten\u00fcbertragbarkeit gem\u00e4\u00df Art. 20 DSGVO;\nRecht auf Widerruf erteilter Einwilligungen gem\u00e4\u00df Art. 7 Abs. 3 DSGVO;\nRecht auf Beschwerde gem\u00e4\u00df Art. 77 DSGVO.<\/code><\/pre>\n\n\n\n<p>10 WIDERSPRUCHSRECHT<\/p>\n\n\n\n<p>WENN WIR IM RAHMEN EINER INTERESSENABW\u00c4GUNG IHRE PERSONENBEZOGENEN DATEN AUFGRUND UNSERES \u00dcBERWIEGENDEN BERECHTIGTEN INTERESSES VERARBEITEN, HABEN SIE DAS JEDERZEITIGE RECHT, AUS GR\u00dcNDEN, DIE SICH AUS IHRER BESONDEREN SITUATION ERGEBEN, GEGEN DIESE VERARBEITUNG WIDERSPRUCH MIT WIRKUNG F\u00dcR DIE ZUKUNFT EINZULEGEN.<br>MACHEN SIE VON IHREM WIDERSPRUCHSRECHT GEBRAUCH, BEENDEN WIR DIE VERARBEITUNG DER BETROFFENEN DATEN. EINE WEITERVERARBEITUNG BLEIBT ABER VORBEHALTEN, WENN WIR ZWINGENDE SCHUTZW\u00dcRDIGE GR\u00dcNDE F\u00dcR DIE VERARBEITUNG NACHWEISEN K\u00d6NNEN, DIE IHRE INTERESSEN, GRUNDRECHTE UND GRUNDFREIHEITEN \u00dcBERWIEGEN, ODER WENN DIE VERARBEITUNG DER GELTENDMACHUNG, AUS\u00dcBUNG ODER VERTEIDIGUNG VON RECHTSANSPR\u00dcCHEN DIENT.<\/p>\n\n\n\n<p>WERDEN IHRE PERSONENBEZOGENEN DATEN VON UNS VERARBEITET, UM DIREKTWERBUNG ZU BETREIBEN, HABEN SIE DAS RECHT, JEDERZEIT WIDERSPRUCH GEGEN DIE VERARBEITUNG SIE BETREFFENDER PERSONENBEZOGENER DATEN ZUM ZWECKE DERARTIGER WERBUNG EINZULEGEN. SIE K\u00d6NNEN DEN WIDERSPRUCH WIE OBEN BESCHRIEBEN AUS\u00dcBEN.<\/p>\n\n\n\n<p>MACHEN SIE VON IHREM WIDERSPRUCHSRECHT GEBRAUCH, BEENDEN WIR DIE VERARBEITUNG DER BETROFFENEN DATEN ZU DIREKTWERBEZWECKEN.<br>11) Dauer der Speicherung personenbezogener Daten<\/p>\n\n\n\n<p>Die Dauer der Speicherung von personenbezogenen Daten bemisst sich anhand der jeweiligen Rechtsgrundlage, am Verarbeitungszweck und \u2013 sofern einschl\u00e4gig \u2013 zus\u00e4tzlich anhand der jeweiligen gesetzlichen Aufbewahrungsfrist (z.B. handels- und steuerrechtliche Aufbewahrungsfristen).<\/p>\n\n\n\n<p>Bei der Verarbeitung von personenbezogenen Daten auf Grundlage einer ausdr\u00fccklichen Einwilligung gem\u00e4\u00df Art. 6 Abs. 1 lit. a DSGVO werden diese Daten so lange gespeichert, bis der Betroffene seine Einwilligung widerruft.<\/p>\n\n\n\n<p>Existieren gesetzliche Aufbewahrungsfristen f\u00fcr Daten, die im Rahmen rechtsgesch\u00e4ftlicher bzw. rechtsgesch\u00e4fts\u00e4hnlicher Verpflichtungen auf der Grundlage von Art. 6 Abs. 1 lit. b DSGVO verarbeitet werden, werden diese Daten nach Ablauf der Aufbewahrungsfristen routinem\u00e4\u00dfig gel\u00f6scht, sofern sie nicht mehr zur Vertragserf\u00fcllung oder Vertragsanbahnung erforderlich sind und\/oder unsererseits kein berechtigtes Interesse an der Weiterspeicherung fortbesteht.<\/p>\n\n\n\n<p>Bei der Verarbeitung von personenbezogenen Daten auf Grundlage von Art. 6 Abs. 1 lit. f DSGVO werden diese Daten so lange gespeichert, bis der Betroffene sein Widerspruchsrecht nach Art. 21 Abs. 1 DSGVO aus\u00fcbt, es sei denn, wir k\u00f6nnen zwingende schutzw\u00fcrdige Gr\u00fcnde f\u00fcr die Verarbeitung nachweisen, die die Interessen, Rechte und Freiheiten der betroffenen Person \u00fcberwiegen, oder die Verarbeitung dient der Geltendmachung, Aus\u00fcbung oder Verteidigung von Rechtsanspr\u00fcchen.<\/p>\n\n\n\n<p>Bei der Verarbeitung von personenbezogenen Daten zum Zwecke der Direktwerbung auf Grundlage von Art. 6 Abs. 1 lit. f DSGVO werden diese Daten so lange gespeichert, bis der Betroffene sein Widerspruchsrecht nach Art. 21 Abs. 2 DSGVO aus\u00fcbt.<\/p>\n\n\n\n<p>Sofern sich aus den sonstigen Informationen dieser Erkl\u00e4rung \u00fcber spezifische Verarbeitungssituationen nichts anderes ergibt, werden gespeicherte personenbezogene Daten im \u00dcbrigen dann gel\u00f6scht, wenn sie f\u00fcr die Zwecke, f\u00fcr die sie erhoben oder auf sonstige Weise verarbeitet wurden, nicht mehr notwendig sind.<\/p>\n","protected":false},"excerpt":{"rendered":"<p>Datenschutzerkl\u00e4rungDatenschutzerkl\u00e4rung1) Information \u00fcber die Erhebung personenbezogener Daten und Kontaktdaten des Verantwortlichen 1.1 Wir freuen uns, dass Sie unsere Website besuchen und bedanken uns f\u00fcr Ihr &hellip;<\/p>\n","protected":false},"author":1,"featured_media":0,"parent":0,"menu_order":0,"comment_status":"closed","ping_status":"closed","template":"","meta":{"footnotes":""},"class_list":["post-441","page","type-page","status-publish","hentry"],"_links":{"self":[{"href":"https:\/\/www.foto-herbst.de\/index.php?rest_route=\/wp\/v2\/pages\/441","targetHints":{"allow":["GET"]}}],"collection":[{"href":"https:\/\/www.foto-herbst.de\/index.php?rest_route=\/wp\/v2\/pages"}],"about":[{"href":"https:\/\/www.foto-herbst.de\/index.php?rest_route=\/wp\/v2\/types\/page"}],"author":[{"embeddable":true,"href":"https:\/\/www.foto-herbst.de\/index.php?rest_route=\/wp\/v2\/users\/1"}],"replies":[{"embeddable":true,"href":"https:\/\/www.foto-herbst.de\/index.php?rest_route=%2Fwp%2Fv2%2Fcomments&post=441"}],"version-history":[{"count":3,"href":"https:\/\/www.foto-herbst.de\/index.php?rest_route=\/wp\/v2\/pages\/441\/revisions"}],"predecessor-version":[{"id":1047,"href":"https:\/\/www.foto-herbst.de\/index.php?rest_route=\/wp\/v2\/pages\/441\/revisions\/1047"}],"wp:attachment":[{"href":"https:\/\/www.foto-herbst.de\/index.php?rest_route=%2Fwp%2Fv2%2Fmedia&parent=441"}],"curies":[{"name":"wp","href":"https:\/\/api.w.org\/{rel}","templated":true}]}}