{"id":538,"date":"2023-03-30T12:43:01","date_gmt":"2023-03-30T10:43:01","guid":{"rendered":"https:\/\/www.foto-herbst.de\/?page_id=538"},"modified":"2025-05-14T10:52:15","modified_gmt":"2025-05-14T08:52:15","slug":"pass-und-bewerbungsbilder","status":"publish","type":"page","link":"https:\/\/www.foto-herbst.de\/?page_id=538","title":{"rendered":"Pass.-und Bewerbungsbilder"},"content":{"rendered":"\t\t<div data-elementor-type=\"wp-page\" data-elementor-id=\"538\" class=\"elementor elementor-538\">\n\t\t\t\t\t\t<section class=\"elementor-section elementor-top-section elementor-element elementor-element-ffd60e3 elementor-section-boxed elementor-section-height-default elementor-section-height-default\" data-id=\"ffd60e3\" data-element_type=\"section\" data-e-type=\"section\">\n\t\t\t\t\t\t<div class=\"elementor-container elementor-column-gap-default\">\n\t\t\t\t\t<div class=\"elementor-column elementor-col-100 elementor-top-column elementor-element elementor-element-bd0d64f\" data-id=\"bd0d64f\" data-element_type=\"column\" data-e-type=\"column\">\n\t\t\t<div class=\"elementor-widget-wrap elementor-element-populated\">\n\t\t\t\t\t\t<div class=\"elementor-element elementor-element-7c28c17 elementor-widget elementor-widget-text-editor\" data-id=\"7c28c17\" data-element_type=\"widget\" data-e-type=\"widget\" data-widget_type=\"text-editor.default\">\n\t\t\t\t<div class=\"elementor-widget-container\">\n\t\t\t\t\t\t\t\t\t<p>\u00a0<\/p><p>Pass.- und Bewerbungsbilder vom Fachmann &#8211; ohne Wartezeit zum gleich mit nehmen!<\/p><p>Du hast eine Frage?\u00a0 Tel. 0341 564 04 04<\/p>\t\t\t\t\t\t\t\t<\/div>\n\t\t\t\t<\/div>\n\t\t\t\t<div class=\"elementor-element elementor-element-dbfc9f7 elementor-widget elementor-widget-text-editor\" data-id=\"dbfc9f7\" data-element_type=\"widget\" data-e-type=\"widget\" data-widget_type=\"text-editor.default\">\n\t\t\t\t<div class=\"elementor-widget-container\">\n\t\t\t\t\t\t\t\t\t<h3>Das neue E-Pass Bild in Leipzig Gohlis &#8211; ePass<\/h3><p>Bei uns in Leipzig Gohlis erhalten Sie die neuen ePass Bilder ohne Wartezeit, sofort zum mit nehmen.<\/p><p>F\u00fcr Sie als &#8222;Passbildkunde&#8220; entstehen keine Nachteile. Sie erhalten in gewohnter Qualit\u00e4t ihre Passbilder und das neue ePass Bild bei uns. Sie erhalten\u00a0 einen Ausdruck mit einem QR-Code, den Sie einfach und bequem bei der Meldebeh\u00f6rde vorlegen k\u00f6nnen! (m\u00fcssen) Papierbilder sind f\u00fcr Ausweis und Reisepass NICHT mehr zul\u00e4ssig!<\/p><p><span style=\"color: #ff0000;\"><strong>Normale Passbilder f\u00fcr z.B. Krankenkasse, F\u00fchrerschein u.s.w. machen wir nat\u00fcrlich weiterhin!<\/strong><\/span><\/p><div><div><h3>Biometrische Passbilder in h\u00f6chster Qualit\u00e4t, einfach und Bequem von Foto Herbst<\/h3><\/div><\/div><div><div><div><div><h5><span style=\"color: #000000;\"><strong>So funktioniert das neue E-Passfoto-Verfahren<\/strong><\/span><\/h5><div><img fetchpriority=\"high\" decoding=\"async\" class=\"aligncenter size-large wp-image-901\" src=\"https:\/\/www.foto-herbst.de\/wp-content\/uploads\/2024\/10\/e-pass-passbild-leipzig-1024x256.jpg\" alt=\"\" width=\"1024\" height=\"256\" srcset=\"https:\/\/www.foto-herbst.de\/wp-content\/uploads\/2024\/10\/e-pass-passbild-leipzig-1024x256.jpg 1024w, https:\/\/www.foto-herbst.de\/wp-content\/uploads\/2024\/10\/e-pass-passbild-leipzig-300x75.jpg 300w, https:\/\/www.foto-herbst.de\/wp-content\/uploads\/2024\/10\/e-pass-passbild-leipzig-768x192.jpg 768w, https:\/\/www.foto-herbst.de\/wp-content\/uploads\/2024\/10\/e-pass-passbild-leipzig-1536x384.jpg 1536w, https:\/\/www.foto-herbst.de\/wp-content\/uploads\/2024\/10\/e-pass-passbild-leipzig-2048x512.jpg 2048w, https:\/\/www.foto-herbst.de\/wp-content\/uploads\/2024\/10\/e-pass-passbild-leipzig-496x124.jpg 496w\" sizes=\"(max-width: 1024px) 100vw, 1024px\" \/><\/div><\/div><\/div><\/div><\/div><div><div><div><div><p><span style=\"color: #000000;\"><strong>1. <\/strong><strong>PASSBILD-ERSTELLUNG:<\/strong><\/span><br \/>Ein zertifizierter Fotograf, so wie wir ,Foto Herbst,\u00a0 erstellt Ihr ePass-Bild und sichert es auf einer Speicherkarte.<\/p><p><span style=\"color: #000000;\"><strong>2. EINLESEN<\/strong>:<\/span><br \/>Nach dem Einlesen der Passbilder im Foto-Terminal k\u00f6nnen Sie diese wie gewohnt einsehen. Erst nach Ihrer Freigabe wird das Passbild an die Beh\u00f6rden-Cloud \u00fcbertragen.<\/p><\/div><\/div><\/div><div><div><div><p><span style=\"color: #000000;\"><strong>3. \u00dcBERTRAGUNG<\/strong>:<\/span><br \/>Die verschl\u00fcsselten Passbilder werden vom zertifizierten Fotografen in eine C5-Hochsicherheits-Cloud hochgeladen.(Cloud Computing Compliance Criteria Catalogue).<\/p><\/div><\/div><\/div><div><div><div><p><span style=\"color: #000000;\"><strong>4. QR-CODE<\/strong>:<\/span><br \/>Sie erhalten einen QR-Code ausgedruckt, den Sie bei der Beantragung der Dokumente im Amt vorlegen m\u00fcssen.<\/p><\/div><\/div><\/div><div><div><div><p><span style=\"color: #000000;\"><strong>5. BILDABRUF<\/strong>:<\/span><br \/>Nach dem Vorlegen des QR-Codes l\u00e4dt die Beh\u00f6rde Ihr Passbild mittels zertifizierter Schnittstelle aus der sicheren Beh\u00f6rden-Cloud herunter.<\/p><\/div><\/div><\/div><\/div>\t\t\t\t\t\t\t\t<\/div>\n\t\t\t\t<\/div>\n\t\t\t\t<div class=\"elementor-element elementor-element-6e2f18e elementor-widget elementor-widget-image\" data-id=\"6e2f18e\" data-element_type=\"widget\" data-e-type=\"widget\" data-widget_type=\"image.default\">\n\t\t\t\t<div class=\"elementor-widget-container\">\n\t\t\t\t\t\t\t\t\t\t\t\t\t\t\t<img decoding=\"async\" width=\"1024\" height=\"969\" src=\"https:\/\/www.foto-herbst.de\/wp-content\/uploads\/2023\/03\/passbew_quer-1.jpg\" class=\"attachment-large size-large wp-image-556\" alt=\"\" srcset=\"https:\/\/www.foto-herbst.de\/wp-content\/uploads\/2023\/03\/passbew_quer-1.jpg 1024w, https:\/\/www.foto-herbst.de\/wp-content\/uploads\/2023\/03\/passbew_quer-1-300x284.jpg 300w, https:\/\/www.foto-herbst.de\/wp-content\/uploads\/2023\/03\/passbew_quer-1-768x727.jpg 768w, https:\/\/www.foto-herbst.de\/wp-content\/uploads\/2023\/03\/passbew_quer-1-317x300.jpg 317w\" sizes=\"(max-width: 1024px) 100vw, 1024px\" \/>\t\t\t\t\t\t\t\t\t\t\t\t\t\t\t<\/div>\n\t\t\t\t<\/div>\n\t\t\t\t\t<\/div>\n\t\t<\/div>\n\t\t\t\t\t<\/div>\n\t\t<\/section>\n\t\t\t\t<section class=\"elementor-section elementor-top-section elementor-element elementor-element-ea99a29 elementor-section-boxed elementor-section-height-default elementor-section-height-default\" data-id=\"ea99a29\" data-element_type=\"section\" data-e-type=\"section\">\n\t\t\t\t\t\t<div class=\"elementor-container elementor-column-gap-default\">\n\t\t\t\t\t<div class=\"elementor-column elementor-col-100 elementor-top-column elementor-element elementor-element-01432d8\" data-id=\"01432d8\" data-element_type=\"column\" data-e-type=\"column\">\n\t\t\t<div class=\"elementor-widget-wrap elementor-element-populated\">\n\t\t\t\t\t\t<div class=\"elementor-element elementor-element-8e5e984 elementor-widget elementor-widget-image\" data-id=\"8e5e984\" data-element_type=\"widget\" data-e-type=\"widget\" data-widget_type=\"image.default\">\n\t\t\t\t<div class=\"elementor-widget-container\">\n\t\t\t\t\t\t\t\t\t\t\t\t\t\t\t<img decoding=\"async\" width=\"723\" height=\"1024\" src=\"https:\/\/www.foto-herbst.de\/wp-content\/uploads\/2023\/03\/Foto_herbst_passbilder_leipzig-723x1024.jpg\" class=\"attachment-large size-large wp-image-684\" alt=\"\" srcset=\"https:\/\/www.foto-herbst.de\/wp-content\/uploads\/2023\/03\/Foto_herbst_passbilder_leipzig-723x1024.jpg 723w, https:\/\/www.foto-herbst.de\/wp-content\/uploads\/2023\/03\/Foto_herbst_passbilder_leipzig-212x300.jpg 212w, https:\/\/www.foto-herbst.de\/wp-content\/uploads\/2023\/03\/Foto_herbst_passbilder_leipzig-768x1088.jpg 768w, https:\/\/www.foto-herbst.de\/wp-content\/uploads\/2023\/03\/Foto_herbst_passbilder_leipzig.jpg 800w\" sizes=\"(max-width: 723px) 100vw, 723px\" \/>\t\t\t\t\t\t\t\t\t\t\t\t\t\t\t<\/div>\n\t\t\t\t<\/div>\n\t\t\t\t\t<\/div>\n\t\t<\/div>\n\t\t\t\t\t<\/div>\n\t\t<\/section>\n\t\t\t\t<\/div>\n\t\t","protected":false},"excerpt":{"rendered":"<p>\u00a0 Pass.- und Bewerbungsbilder vom Fachmann &#8211; ohne Wartezeit zum gleich mit nehmen! Du hast eine Frage?\u00a0 Tel. 0341 564 04 04 Das neue E-Pass &hellip;<\/p>\n","protected":false},"author":1,"featured_media":0,"parent":0,"menu_order":0,"comment_status":"closed","ping_status":"closed","template":"","meta":{"footnotes":""},"class_list":["post-538","page","type-page","status-publish","hentry"],"_links":{"self":[{"href":"https:\/\/www.foto-herbst.de\/index.php?rest_route=\/wp\/v2\/pages\/538","targetHints":{"allow":["GET"]}}],"collection":[{"href":"https:\/\/www.foto-herbst.de\/index.php?rest_route=\/wp\/v2\/pages"}],"about":[{"href":"https:\/\/www.foto-herbst.de\/index.php?rest_route=\/wp\/v2\/types\/page"}],"author":[{"embeddable":true,"href":"https:\/\/www.foto-herbst.de\/index.php?rest_route=\/wp\/v2\/users\/1"}],"replies":[{"embeddable":true,"href":"https:\/\/www.foto-herbst.de\/index.php?rest_route=%2Fwp%2Fv2%2Fcomments&post=538"}],"version-history":[{"count":34,"href":"https:\/\/www.foto-herbst.de\/index.php?rest_route=\/wp\/v2\/pages\/538\/revisions"}],"predecessor-version":[{"id":974,"href":"https:\/\/www.foto-herbst.de\/index.php?rest_route=\/wp\/v2\/pages\/538\/revisions\/974"}],"wp:attachment":[{"href":"https:\/\/www.foto-herbst.de\/index.php?rest_route=%2Fwp%2Fv2%2Fmedia&parent=538"}],"curies":[{"name":"wp","href":"https:\/\/api.w.org\/{rel}","templated":true}]}}