{"id":873,"date":"2024-10-02T12:51:00","date_gmt":"2024-10-02T10:51:00","guid":{"rendered":"https:\/\/www.foto-herbst.de\/?page_id=873"},"modified":"2025-07-22T11:17:28","modified_gmt":"2025-07-22T09:17:28","slug":"e-passbild","status":"publish","type":"page","link":"https:\/\/www.foto-herbst.de\/?page_id=873","title":{"rendered":"ePass &#8211; Bild Leipzig Gohlis"},"content":{"rendered":"\t\t<div data-elementor-type=\"wp-page\" data-elementor-id=\"873\" class=\"elementor elementor-873\">\n\t\t\t\t\t\t<section class=\"elementor-section elementor-top-section elementor-element elementor-element-5002ca5 elementor-section-boxed elementor-section-height-default elementor-section-height-default\" data-id=\"5002ca5\" data-element_type=\"section\" data-e-type=\"section\">\n\t\t\t\t\t\t<div class=\"elementor-container elementor-column-gap-default\">\n\t\t\t\t\t<div class=\"elementor-column elementor-col-100 elementor-top-column elementor-element elementor-element-67bcdde\" data-id=\"67bcdde\" data-element_type=\"column\" data-e-type=\"column\">\n\t\t\t<div class=\"elementor-widget-wrap elementor-element-populated\">\n\t\t\t\t\t\t<div class=\"elementor-element elementor-element-e26218c elementor-widget elementor-widget-text-editor\" data-id=\"e26218c\" data-element_type=\"widget\" data-e-type=\"widget\" data-widget_type=\"text-editor.default\">\n\t\t\t\t<div class=\"elementor-widget-container\">\n\t\t\t\t\t\t\t\t\t<h3>Das neue ePass &#8211; Bild in Leipzig Gohlis<\/h3>\n<p>Hier kommen demn\u00e4chst wichtige Informationen zum neuen e-Passbild. Start wird im Mai 2025 sein.<\/p>\n<ol>\n<li>\n<p>Schulung zum neuen e-Passbild erfolgreich absolviert<\/p>\n<\/li>\n<li>Software und Hardware bestellt und im Zulauf<\/li>\n<li>Unsere Ausweislegitimation incl. Ausweisleseger\u00e4t erfolgreich angeschlossen<\/li>\n<li>Upload-Server-Verbindung erfolgreich hergestellt<\/li>\n<\/ol>\n<p>F\u00fcr Sie als &#8222;Passbildkunde&#8220; entstehen keine Nachteile. Sie erhalten in gewohnter Qualit\u00e4t ihre Passbilder bei uns. Dazu erhalten Sie einen Ausdruck mit einem QR-Code, den Sie einfach und bequem bei der Meldebeh\u00f6rde vorlegen k\u00f6nnen!<\/p>\n<p>Wie Sie sehen, bereiten wir uns auf die neuen \u00c4nderungen vor um weiterhin ein professionelles Passbild f\u00fcr Sie erstellen zu k\u00f6nnen !<\/p>\n<div>\n<div>\n<h3>Biometrische Passbilder in h\u00f6chster Qualit\u00e4t, einfach und Bequem von Foto Herbst<\/h3>\n<\/div>\n<\/div>\n<div>\n<div>\n<div>\n<div>\n<h5><span style=\"color: #000000;\"><strong>So funktioniert das neue E-Passfoto-Verfahren<\/strong><\/span><\/h5>\n<div><img fetchpriority=\"high\" decoding=\"async\" class=\"aligncenter size-large wp-image-901\" src=\"https:\/\/www.foto-herbst.de\/wp-content\/uploads\/2024\/10\/e-pass-passbild-leipzig-1024x256.jpg\" alt=\"\" width=\"1024\" height=\"256\" srcset=\"https:\/\/www.foto-herbst.de\/wp-content\/uploads\/2024\/10\/e-pass-passbild-leipzig-1024x256.jpg 1024w, https:\/\/www.foto-herbst.de\/wp-content\/uploads\/2024\/10\/e-pass-passbild-leipzig-300x75.jpg 300w, https:\/\/www.foto-herbst.de\/wp-content\/uploads\/2024\/10\/e-pass-passbild-leipzig-768x192.jpg 768w, https:\/\/www.foto-herbst.de\/wp-content\/uploads\/2024\/10\/e-pass-passbild-leipzig-1536x384.jpg 1536w, https:\/\/www.foto-herbst.de\/wp-content\/uploads\/2024\/10\/e-pass-passbild-leipzig-2048x512.jpg 2048w, https:\/\/www.foto-herbst.de\/wp-content\/uploads\/2024\/10\/e-pass-passbild-leipzig-496x124.jpg 496w\" sizes=\"(max-width: 1024px) 100vw, 1024px\" \/><\/div>\n<\/div>\n<\/div>\n<\/div>\n<\/div>\n<div>\n<div>\n<div>\n<div>\n<p><span style=\"color: #000000;\"><strong>1. <\/strong><strong>PASSBILD-ERSTELLUNG:<\/strong><\/span><br>Ein zertifizierter Fotograf, so wie Foto Herbst,&nbsp; erstellt Ihr Passbild und sichert es auf einer Speicherkarte.<\/p>\n<p><span style=\"color: #000000;\"><strong>2. EINLESEN<\/strong>:<\/span><br>Nach dem Einlesen der Passbilder im Foto-Terminal k\u00f6nnen Sie diese wie gewohnt einsehen. Erst nach Ihrer Freigabe wird das Passbild an die Cloud \u00fcbertragen.<\/p>\n<\/div>\n<\/div>\n<\/div>\n<div>\n<div>\n<div>\n<p><span style=\"color: #000000;\"><strong>3. \u00dcBERTRAGUNG<\/strong>:<\/span><br>Die verschl\u00fcsselten Passbilder werden vom zertifizierten Fotografen in eine C5-Hochsicherheits-Cloud hochgeladen.(Cloud Computing Compliance Criteria Catalogue).<\/p>\n<\/div>\n<\/div>\n<\/div>\n<div>\n<div>\n<div>\n<p><span style=\"color: #000000;\"><strong>4. QR-CODE<\/strong>:<\/span><br>Sie erhalten einen QR-Code (ausgedruckt oder auf dem Smartphone), den Sie bei der Beantragung der Dokumente im Amt vorlegen.<\/p>\n<\/div>\n<\/div>\n<\/div>\n<div>\n<div>\n<div>\n<p><span style=\"color: #000000;\"><strong>5. BILDABRUF<\/strong>:<\/span><br>Nach dem Vorlegen des QR-Codes l\u00e4dt die Beh\u00f6rde Ihr Passbild mittels zertifizierter Schnittstelle aus der sicheren Cloud herunter.<\/p>\n<p><span style=\"color: #800000;\">Bei Foto Herbst erhalten Sie nicht nur den neuen QR-Code sondern auf Wunsch f\u00fcr nur \u20ac 5,00&nbsp; 4 Passbilder ausgedruckt f\u00fcr weitere Verwendungszwecke wie z.B. Krankenkasse oder F\u00fchrerschein!<\/span><\/p>\n<\/div>\n<\/div>\n<\/div>\n<\/div>\t\t\t\t\t\t\t\t<\/div>\n\t\t\t\t<\/div>\n\t\t\t\t\t<\/div>\n\t\t<\/div>\n\t\t\t\t\t<\/div>\n\t\t<\/section>\n\t\t\t\t<\/div>\n\t\t","protected":false},"excerpt":{"rendered":"<p>Das neue ePass &#8211; Bild in Leipzig Gohlis Hier kommen demn\u00e4chst wichtige Informationen zum neuen e-Passbild. Start wird im Mai 2025 sein. Schulung zum neuen &hellip;<\/p>\n","protected":false},"author":1,"featured_media":0,"parent":0,"menu_order":0,"comment_status":"closed","ping_status":"closed","template":"","meta":{"footnotes":""},"class_list":["post-873","page","type-page","status-publish","hentry"],"_links":{"self":[{"href":"https:\/\/www.foto-herbst.de\/index.php?rest_route=\/wp\/v2\/pages\/873","targetHints":{"allow":["GET"]}}],"collection":[{"href":"https:\/\/www.foto-herbst.de\/index.php?rest_route=\/wp\/v2\/pages"}],"about":[{"href":"https:\/\/www.foto-herbst.de\/index.php?rest_route=\/wp\/v2\/types\/page"}],"author":[{"embeddable":true,"href":"https:\/\/www.foto-herbst.de\/index.php?rest_route=\/wp\/v2\/users\/1"}],"replies":[{"embeddable":true,"href":"https:\/\/www.foto-herbst.de\/index.php?rest_route=%2Fwp%2Fv2%2Fcomments&post=873"}],"version-history":[{"count":39,"href":"https:\/\/www.foto-herbst.de\/index.php?rest_route=\/wp\/v2\/pages\/873\/revisions"}],"predecessor-version":[{"id":988,"href":"https:\/\/www.foto-herbst.de\/index.php?rest_route=\/wp\/v2\/pages\/873\/revisions\/988"}],"wp:attachment":[{"href":"https:\/\/www.foto-herbst.de\/index.php?rest_route=%2Fwp%2Fv2%2Fmedia&parent=873"}],"curies":[{"name":"wp","href":"https:\/\/api.w.org\/{rel}","templated":true}]}}